{"id":244,"date":"2026-01-31T22:29:43","date_gmt":"2026-01-31T22:29:43","guid":{"rendered":"https:\/\/new.chico.jobs\/kuenye\/"},"modified":"2026-02-28T10:28:29","modified_gmt":"2026-02-28T10:28:29","slug":"kuenye","status":"publish","type":"page","link":"https:\/\/chico.jobs\/tr\/kuenye\/","title":{"rendered":"K\u00fcnye"},"content":{"rendered":"\n<h1 class=\"wp-block-heading title-blue\">K\u00fcnye<\/h1>\n\n<h3 class=\"wp-block-heading h-blue\">Hizmet Sa\u011flay\u0131c\u0131<\/h3>\n\n<p><strong>Chico Jobs GmbH<\/strong><\/p>\n\n<p>Temsil yetkisi:<br\/>Robin Galavic<\/p>\n\n<h3 class=\"wp-block-heading h-blue\">Adres &amp; \u0130leti\u015fim Bilgileri<\/h3>\n\n<p>Ruhrallee 9<br\/>44139 Dortmund<\/p>\n\n<p><br\/>E-posta: info@chico.jobs<\/p>\n\n<h3 class=\"wp-block-heading h-blue\">Ticaret Sicili<\/h3>\n\n<p>Dortmund Yerel Mahkemesi &#8211; HRB 37046<\/p>\n\n<h3 class=\"wp-block-heading h-blue\">Uyu\u015fmazl\u0131k \u00c7\u00f6z\u00fcm\u00fc<\/h3>\n\n<p>Bir t\u00fcketici tahkim kurulunda uyu\u015fmazl\u0131k \u00e7\u00f6z\u00fcm s\u00fcrecine kat\u0131lmaya haz\u0131r veya y\u00fck\u00fcml\u00fc de\u011filiz.<\/p>\n\n<p><\/p>\n","protected":false},"excerpt":{"rendered":"<p>K\u00fcnye Hizmet Sa\u011flay\u0131c\u0131 Chico Jobs GmbH Temsil yetkisi:Robin Galavic Adres &amp; \u0130leti\u015fim Bilgileri Ruhrallee 944139 Dortmund E-posta: info@chico.jobs Ticaret Sicili Dortmund Yerel Mahkemesi &#8211; HRB 37046 Uyu\u015fmazl\u0131k \u00c7\u00f6z\u00fcm\u00fc Bir t\u00fcketici tahkim kurulunda uyu\u015fmazl\u0131k \u00e7\u00f6z\u00fcm s\u00fcrecine kat\u0131lmaya haz\u0131r veya y\u00fck\u00fcml\u00fc de\u011filiz.<\/p>\n","protected":false},"author":1,"featured_media":0,"parent":0,"menu_order":0,"comment_status":"closed","ping_status":"closed","template":"","meta":{"footnotes":""},"class_list":["post-244","page","type-page","status-publish"],"_links":{"self":[{"href":"https:\/\/chico.jobs\/tr\/wp-json\/wp\/v2\/pages\/244","targetHints":{"allow":["GET"]}}],"collection":[{"href":"https:\/\/chico.jobs\/tr\/wp-json\/wp\/v2\/pages"}],"about":[{"href":"https:\/\/chico.jobs\/tr\/wp-json\/wp\/v2\/types\/page"}],"author":[{"embeddable":true,"href":"https:\/\/chico.jobs\/tr\/wp-json\/wp\/v2\/users\/1"}],"replies":[{"embeddable":true,"href":"https:\/\/chico.jobs\/tr\/wp-json\/wp\/v2\/comments?post=244"}],"version-history":[{"count":2,"href":"https:\/\/chico.jobs\/tr\/wp-json\/wp\/v2\/pages\/244\/revisions"}],"predecessor-version":[{"id":443,"href":"https:\/\/chico.jobs\/tr\/wp-json\/wp\/v2\/pages\/244\/revisions\/443"}],"wp:attachment":[{"href":"https:\/\/chico.jobs\/tr\/wp-json\/wp\/v2\/media?parent=244"}],"curies":[{"name":"wp","href":"https:\/\/api.w.org\/{rel}","templated":true}]}}