{"id":303,"date":"2026-02-03T19:26:49","date_gmt":"2026-02-03T19:26:49","guid":{"rendered":"https:\/\/new.chico.jobs\/sirketler-icin\/"},"modified":"2026-02-03T20:00:19","modified_gmt":"2026-02-03T20:00:19","slug":"sirketler-icin","status":"publish","type":"page","link":"https:\/\/chico.jobs\/tr\/sirketler-icin\/","title":{"rendered":"\u015eirketler i\u00e7in"},"content":{"rendered":"\n<div class=\"gb-element-eaeb1cfe\">\n<div class=\"gb-element-474c588a\">\n<div class=\"gb-element-46aa1d98\">\n<div>\n<div>\n<h2 class=\"wp-block-heading has-x-large-font-size\"><strong><mark style=\"background-color:rgba(0, 0, 0, 0);color:#4640de\" class=\"has-inline-color\">Chico Jobs<\/mark>, i\u015fletmenize uygun i\u015f g\u00fcc\u00fc sa\u011flar<\/strong><\/h2>\n<\/div>\n\n\n\n<h5 class=\"wp-block-heading\" style=\"font-size:39px\">Do\u011fru i\u015f g\u00fcc\u00fc \u2013 h\u0131zl\u0131 ve g\u00fcvenilir<\/h5>\n<\/div>\n\n\n\n<div>\n<figure class=\"wp-block-image size-full is-resized is-style-rounded\"><img loading=\"lazy\" decoding=\"async\" width=\"634\" height=\"734\" src=\"https:\/\/chico.jobs\/wp-content\/uploads\/2026\/01\/chico-photo.png\" alt=\"\" class=\"wp-image-21\" style=\"width:auto;height:500px\" srcset=\"https:\/\/chico.jobs\/wp-content\/uploads\/2026\/01\/chico-photo.png 634w, https:\/\/chico.jobs\/wp-content\/uploads\/2026\/01\/chico-photo-259x300.png 259w\" sizes=\"auto, (max-width: 634px) 100vw, 634px\" \/><\/figure>\n<\/div>\n<\/div>\n<\/div>\n<\/div>\n\n<div class=\"gb-element-66684c62\">\n<div class=\"gb-element-fc6a660b\">\n<div class=\"gb-element-bf37ab01\">\n<div>\n<h2 class=\"wp-block-heading title-blue\">Hemen ileti\u015fime ge\u00e7in<\/h2>\n<\/div>\n\n\n\n<h4 class=\"wp-block-heading\">H\u0131zl\u0131 ve kolay ba\u015fvuru<\/h4>\n\n\n\n<div class=\"gb-element-f20c7246\"><style id=\"wpforms-css-vars-274\">\n\t\t\t\t#wpforms-274 {\n\t\t\t\t--wpforms-field-size-input-height: 43px;\n--wpforms-field-size-input-spacing: 15px;\n--wpforms-field-size-font-size: 16px;\n--wpforms-field-size-line-height: 19px;\n--wpforms-field-size-padding-h: 14px;\n--wpforms-field-size-checkbox-size: 16px;\n--wpforms-field-size-sublabel-spacing: 5px;\n--wpforms-field-size-icon-size: 1;\n--wpforms-label-size-font-size: 16px;\n--wpforms-label-size-line-height: 19px;\n--wpforms-label-size-sublabel-font-size: 14px;\n--wpforms-label-size-sublabel-line-height: 17px;\n--wpforms-button-size-font-size: 17px;\n--wpforms-button-size-height: 41px;\n--wpforms-button-size-padding-h: 15px;\n--wpforms-button-size-margin-top: 10px;\n--wpforms-container-shadow-size-box-shadow: none;\n\t\t\t}\n\t\t\t<\/style><div class=\"wpforms-container wpforms-container-full wpforms-render-modern\" id=\"wpforms-274\"><form id=\"wpforms-form-274\" class=\"wpforms-validate wpforms-form wpforms-ajax-form\" data-formid=\"274\" method=\"post\" enctype=\"multipart\/form-data\" action=\"\/tr\/wp-json\/wp\/v2\/pages\/303?wpforms_form_id=274\" data-token=\"0f1c112726926b4b31870af8ec7c391c\" data-token-time=\"1776524434\"><noscript class=\"wpforms-error-noscript\">Bu formu doldurmak i\u00e7in l\u00fctfen taray\u0131c\u0131n\u0131zda JavaScript&#039;i etkinle\u015ftirin.<\/noscript><div id=\"wpforms-error-noscript\" style=\"display: none;\">Bu formu doldurmak i\u00e7in l\u00fctfen taray\u0131c\u0131n\u0131zda JavaScript&#039;i etkinle\u015ftirin.<\/div><div class=\"wpforms-field-container\">\t\t<div id=\"wpforms-274-field_5-container\"\n\t\t\tclass=\"wpforms-field wpforms-field-text\"\n\t\t\tdata-field-type=\"text\"\n\t\t\tdata-field-id=\"5\"\n\t\t\t>\n\t\t\t<label class=\"wpforms-field-label\" for=\"wpforms-274-field_5\" >\/ (iste\u011fe \/<\/label>\n\t\t\t<input type=\"text\" id=\"wpforms-274-field_5\" class=\"wpforms-field-medium\" name=\"wpforms[fields][5]\" >\n\t\t<\/div>\n\t\t<div id=\"wpforms-274-field_1-container\" class=\"wpforms-field wpforms-field-name\" data-field-id=\"1\"><fieldset><legend class=\"wpforms-field-label\">\u0130sim <span class=\"wpforms-required-label\" aria-hidden=\"true\">*<\/span><\/legend><div class=\"wpforms-field-row wpforms-field-large\"><div class=\"wpforms-field-row-block wpforms-first wpforms-one-half\"><input type=\"text\" id=\"wpforms-274-field_1\" class=\"wpforms-field-name-first wpforms-field-required\" name=\"wpforms[fields][1][first]\" aria-errormessage=\"wpforms-274-field_1-error\" required><label for=\"wpforms-274-field_1\" class=\"wpforms-field-sublabel after\">Birinci<\/label><\/div><div class=\"wpforms-field-row-block wpforms-one-half\"><input type=\"text\" id=\"wpforms-274-field_1-last\" class=\"wpforms-field-name-last wpforms-field-required\" name=\"wpforms[fields][1][last]\" aria-errormessage=\"wpforms-274-field_1-last-error\" required><label for=\"wpforms-274-field_1-last\" class=\"wpforms-field-sublabel after\">En son<\/label><\/div><\/div><\/fieldset><\/div><div id=\"wpforms-274-field_2-container\" class=\"wpforms-field wpforms-field-text\" data-field-id=\"2\"><label class=\"wpforms-field-label\" for=\"wpforms-274-field_2\">\u015eirket \/ Firma <span class=\"wpforms-required-label\" aria-hidden=\"true\">*<\/span><\/label><input type=\"text\" id=\"wpforms-274-field_2\" class=\"wpforms-field-large wpforms-field-required\" name=\"wpforms[fields][2]\" aria-errormessage=\"wpforms-274-field_2-error\" required><\/div><div id=\"wpforms-274-field_3-container\" class=\"wpforms-field wpforms-field-email\" data-field-id=\"3\"><label class=\"wpforms-field-label\" for=\"wpforms-274-field_3\">e-posta <span class=\"wpforms-required-label\" aria-hidden=\"true\">*<\/span><\/label><input type=\"email\" id=\"wpforms-274-field_3\" class=\"wpforms-field-large wpforms-field-required\" name=\"wpforms[fields][3]\" spellcheck=\"false\" aria-errormessage=\"wpforms-274-field_3-error\" required><\/div><div id=\"wpforms-274-field_4-container\" class=\"wpforms-field wpforms-field-phone\" data-field-id=\"4\"><label class=\"wpforms-field-label\" for=\"wpforms-274-field_4\">Telefon <span class=\"wpforms-required-label\" aria-hidden=\"true\">*<\/span><\/label><input type=\"tel\" id=\"wpforms-274-field_4\" class=\"wpforms-field-large wpforms-field-required wpforms-smart-phone-field\" data-rule-smart-phone-field=\"true\" name=\"wpforms[fields][4]\" aria-label=\"Telefon\" aria-errormessage=\"wpforms-274-field_4-error\" required><\/div><div id=\"wpforms-274-field_6-container\" class=\"wpforms-field wpforms-field-textarea\" data-field-id=\"6\"><label class=\"wpforms-field-label\" for=\"wpforms-274-field_6\">Bize Talep \/ Mesaj<\/label><textarea id=\"wpforms-274-field_6\" class=\"wpforms-field-medium\" name=\"wpforms[fields][6]\" aria-errormessage=\"wpforms-274-field_6-error\" ><\/textarea><\/div><div id=\"wpforms-274-field_7-container\" class=\"wpforms-field wpforms-field-file-upload\" data-field-id=\"7\"><label class=\"wpforms-field-label\" for=\"wpforms-274-field_7\">\u0130\u015f tan\u0131m\u0131 \/ eki (iste\u011fe ba\u011fl\u0131)<\/label><div\n\t\tclass=\"wpforms-uploader \"\n\t\tdata-field-id=\"7\"\n\t\tdata-form-id=\"274\"\n\t\tdata-input-name=\"wpforms_274_7\"\n\t\tdata-extensions=\"jpg,jpeg,jpe,gif,png,bmp,tiff,tif,webp,avif,ico,heic,heif,heics,heifs,asf,asx,wmv,wmx,wm,avi,divx,mov,qt,mpeg,mpg,mpe,mp4,m4v,ogv,webm,mkv,3gp,3gpp,3g2,3gp2,txt,asc,c,cc,h,srt,csv,tsv,ics,rtx,css,vtt,mp3,m4a,m4b,aac,ra,ram,wav,x-wav,ogg,oga,flac,mid,midi,wma,wax,mka,rtf,pdf,class,tar,zip,gz,gzip,rar,7z,psd,xcf,doc,pot,pps,ppt,wri,xla,xls,xlt,xlw,mpp,docx,docm,dotx,dotm,xlsx,xlsm,xlsb,xltx,xltm,xlam,pptx,pptm,ppsx,ppsm,potx,potm,ppam,sldx,sldm,onetoc,onetoc2,onepkg,oxps,xps,odt,odp,ods,odg,odc,odb,odf,wp,wpd,key,numbers,pages,svg\"\n\t\tdata-max-size=\"16777216\"\n\t\tdata-max-file-number=\"1\"\n\t\tdata-post-max-size=\"16777216\"\n\t\tdata-max-parallel-uploads=\"4\"\n\t\tdata-parallel-uploads=\"true\"\n\t\tdata-file-chunk-size=\"2097152\">\n\t<div class=\"dz-message\">\n\t\t<svg  viewBox=\"0 0 640 640\" focusable=\"false\" data-icon=\"inbox\" width=\"50px\" height=\"50px\" fill=\"currentColor\" aria-hidden=\"true\">\n\t\t\t<path d=\"M352 173.3L352 384C352 401.7 337.7 416 320 416C302.3 416 288 401.7 288 384L288 173.3L246.6 214.7C234.1 227.2 213.8 227.2 201.3 214.7C188.8 202.2 188.8 181.9 201.3 169.4L297.3 73.4C309.8 60.9 330.1 60.9 342.6 73.4L438.6 169.4C451.1 181.9 451.1 202.2 438.6 214.7C426.1 227.2 405.8 227.2 393.3 214.7L352 173.3zM320 464C364.2 464 400 428.2 400 384L480 384C515.3 384 544 412.7 544 448L544 480C544 515.3 515.3 544 480 544L160 544C124.7 544 96 515.3 96 480L96 448C96 412.7 124.7 384 160 384L240 384C240 428.2 275.8 464 320 464zM464 488C477.3 488 488 477.3 488 464C488 450.7 477.3 440 464 440C450.7 440 440 450.7 440 464C440 477.3 450.7 488 464 488z\"\/>\n\t\t<\/svg>\n\n\t\t<span class=\"modern-title\">\n\t\t\t\t\t\t\tDosyalar\u0131 S\u00fcr\u00fckle ve B\u0131rak,  \t\t\t\t<span>Y\u00fcklenecek Dosyalar\u0131 Se\u00e7in<\/span>\n\t\t\t\t\t<\/span>\n\n\t\t\t<\/div>\n<\/div>\n\n<input\n\t\ttype=\"text\"\n\t\tautocomplete=\"off\"\n\t\treadonly\n\t\tclass=\"dropzone-input\"\n\t\tstyle=\"position:absolute!important;clip:rect(0,0,0,0)!important;height:1px!important;width:1px!important;border:0!important;overflow:hidden!important;padding:0!important;margin:0!important;\"\n\t\tid=\"wpforms-274-field_7\"\n\t\tname=\"wpforms_274_7\" \t\tvalue=\"\">\n<\/div><script>\n\t\t\t\t( function() {\n\t\t\t\t\tconst style = document.createElement( 'style' );\n\t\t\t\t\tstyle.appendChild( document.createTextNode( '#wpforms-274-field_5-container { position: absolute !important; overflow: hidden !important; display: inline !important; height: 1px !important; width: 1px !important; z-index: -1000 !important; padding: 0 !important; } #wpforms-274-field_5-container input { visibility: hidden; } #wpforms-conversational-form-page #wpforms-274-field_5-container label { counter-increment: none; }' ) );\n\t\t\t\t\tdocument.head.appendChild( style );\n\t\t\t\t\tdocument.currentScript?.remove();\n\t\t\t\t} )();\n\t\t\t<\/script><\/div><!-- .wpforms-field-container --><div class=\"wpforms-recaptcha-container wpforms-is-recaptcha wpforms-is-recaptcha-type-invisible\" ><div class=\"g-recaptcha\" data-sitekey=\"6LdpqHosAAAAAIpVAlqj2bkbVet5zGc-1ybeCHQS\" data-size=\"invisible\"><\/div><\/div><div class=\"wpforms-submit-container\" ><input type=\"hidden\" name=\"wpforms[id]\" value=\"274\"><input type=\"hidden\" name=\"page_title\" value=\"\"><input type=\"hidden\" name=\"page_url\" value=\"https:\/\/chico.jobs\/tr\/wp-json\/wp\/v2\/pages\/303\"><input type=\"hidden\" name=\"url_referer\" value=\"\"><button type=\"submit\" name=\"wpforms[submit]\" id=\"wpforms-submit-274\" class=\"wpforms-submit btn-primary\" data-alt-text=\"G\u00f6nderilecektir...\" data-submit-text=\"Soru\u015fturma g\u00f6nder\" aria-live=\"assertive\" value=\"wpforms-submit\">Soru\u015fturma g\u00f6nder<\/button><img loading=\"lazy\" decoding=\"async\" src=\"https:\/\/chico.jobs\/wp-content\/plugins\/wpforms\/assets\/images\/submit-spin.svg\" class=\"wpforms-submit-spinner\" style=\"display: none;\" width=\"26\" height=\"26\" alt=\"Loading\"><\/div><\/form><\/div>  <!-- .wpforms-container -->\n<\/div>\n<\/div>\n<\/div>\n<\/div>\n\n<div style=\"height:100px\" aria-hidden=\"true\" class=\"wp-block-spacer\"><\/div>\n\n<p><\/p>\n","protected":false},"excerpt":{"rendered":"<p>Chico Jobs, i\u015fletmenize uygun i\u015f g\u00fcc\u00fc sa\u011flar Do\u011fru i\u015f g\u00fcc\u00fc \u2013 h\u0131zl\u0131 ve g\u00fcvenilir Hemen ileti\u015fime ge\u00e7in H\u0131zl\u0131 ve kolay ba\u015fvuru<\/p>\n","protected":false},"author":1,"featured_media":0,"parent":0,"menu_order":0,"comment_status":"closed","ping_status":"closed","template":"","meta":{"footnotes":""},"class_list":["post-303","page","type-page","status-publish"],"_links":{"self":[{"href":"https:\/\/chico.jobs\/tr\/wp-json\/wp\/v2\/pages\/303","targetHints":{"allow":["GET"]}}],"collection":[{"href":"https:\/\/chico.jobs\/tr\/wp-json\/wp\/v2\/pages"}],"about":[{"href":"https:\/\/chico.jobs\/tr\/wp-json\/wp\/v2\/types\/page"}],"author":[{"embeddable":true,"href":"https:\/\/chico.jobs\/tr\/wp-json\/wp\/v2\/users\/1"}],"replies":[{"embeddable":true,"href":"https:\/\/chico.jobs\/tr\/wp-json\/wp\/v2\/comments?post=303"}],"version-history":[{"count":1,"href":"https:\/\/chico.jobs\/tr\/wp-json\/wp\/v2\/pages\/303\/revisions"}],"predecessor-version":[{"id":304,"href":"https:\/\/chico.jobs\/tr\/wp-json\/wp\/v2\/pages\/303\/revisions\/304"}],"wp:attachment":[{"href":"https:\/\/chico.jobs\/tr\/wp-json\/wp\/v2\/media?parent=303"}],"curies":[{"name":"wp","href":"https:\/\/api.w.org\/{rel}","templated":true}]}}